{"id":17,"date":"2016-08-22T00:24:31","date_gmt":"2016-08-22T00:24:31","guid":{"rendered":"https:\/\/oceanwp.org\/simple\/?page_id=17"},"modified":"2025-07-08T11:13:29","modified_gmt":"2025-07-08T09:13:29","slug":"home","status":"publish","type":"page","link":"https:\/\/sucrederme.com\/","title":{"rendered":"Home"},"content":{"rendered":"\t\t<div data-elementor-type=\"wp-page\" data-elementor-id=\"17\" class=\"elementor elementor-17\">\n\t\t\t\t\t\t<section class=\"elementor-section elementor-top-section elementor-element elementor-element-057c8hn elementor-section-boxed elementor-section-height-default elementor-section-height-default\" data-id=\"057c8hn\" data-element_type=\"section\">\n\t\t\t\t\t\t<div class=\"elementor-container elementor-column-gap-default\">\n\t\t\t\t\t<div class=\"elementor-column elementor-col-100 elementor-top-column elementor-element elementor-element-fwlgayk\" data-id=\"fwlgayk\" data-element_type=\"column\">\n\t\t\t<div class=\"elementor-widget-wrap elementor-element-populated\">\n\t\t\t\t\t\t<div class=\"elementor-element elementor-element-bbd2fbc elementor-widget elementor-widget-heading\" data-id=\"bbd2fbc\" data-element_type=\"widget\" data-widget_type=\"heading.default\">\n\t\t\t\t<div class=\"elementor-widget-container\">\n\t\t\t\t\t<h2 class=\"elementor-heading-title elementor-size-default\">NOS PRODUITS<\/h2>\t\t\t\t<\/div>\n\t\t\t\t<\/div>\n\t\t\t\t<div class=\"elementor-element elementor-element-elmsymn elementor-widget-divider--view-line elementor-widget elementor-widget-divider\" data-id=\"elmsymn\" data-element_type=\"widget\" data-widget_type=\"divider.default\">\n\t\t\t\t<div class=\"elementor-widget-container\">\n\t\t\t\t\t\t\t<div class=\"elementor-divider\">\n\t\t\t<span class=\"elementor-divider-separator\">\n\t\t\t\t\t\t<\/span>\n\t\t<\/div>\n\t\t\t\t\t\t<\/div>\n\t\t\t\t<\/div>\n\t\t\t\t<div class=\"elementor-element elementor-element-2ab38d2 elementor-widget elementor-widget-shortcode\" data-id=\"2ab38d2\" data-element_type=\"widget\" data-widget_type=\"shortcode.default\">\n\t\t\t\t<div class=\"elementor-widget-container\">\n\t\t\t\t\t\t\t<div class=\"elementor-shortcode\"><div id=\"metaslider-id-385\" style=\"width: 100%;\" class=\"ml-slider-3-99-0 metaslider metaslider-flex metaslider-385 ml-slider ms-theme-clarity has-dots-nav\" role=\"region\" aria-label=\"Nouveau diaporama\" data-width=\"995\">\n    <div id=\"metaslider_container_385\">\n        <div id=\"metaslider_385\">\n            <ul class='slides'>\n                <li style=\"display: block; width: 100%;\" class=\"slide-386 ms-image \" aria-roledescription=\"slide\" data-date=\"2024-12-09 21:24:34\"><img fetchpriority=\"high\" decoding=\"async\" width=\"995\" height=\"240\" src=\"https:\/\/sucrederme.com\/wp-content\/uploads\/2024\/12\/Sans-titre-1.jpg\" class=\"slider-385 slide-386 msDefaultImage\" alt=\"\" rel=\"\" title=\"Sans-titre-1\" srcset=\"https:\/\/sucrederme.com\/wp-content\/uploads\/2024\/12\/Sans-titre-1.jpg 995w, https:\/\/sucrederme.com\/wp-content\/uploads\/2024\/12\/Sans-titre-1-300x72.jpg 300w, https:\/\/sucrederme.com\/wp-content\/uploads\/2024\/12\/Sans-titre-1-768x185.jpg 768w, https:\/\/sucrederme.com\/wp-content\/uploads\/2024\/12\/Sans-titre-1-454x110.jpg 454w\" sizes=\"(max-width: 995px) 100vw, 995px\" \/><\/li>\n                <li style=\"display: none; width: 100%;\" class=\"slide-387 ms-image \" aria-roledescription=\"slide\" data-date=\"2024-12-09 21:27:30\"><img decoding=\"async\" width=\"995\" height=\"240\" src=\"https:\/\/sucrederme.com\/wp-content\/uploads\/2024\/12\/Sans-titre-2.jpg\" class=\"slider-385 slide-387 msDefaultImage\" alt=\"\" rel=\"\" title=\"Sans-titre-2\" srcset=\"https:\/\/sucrederme.com\/wp-content\/uploads\/2024\/12\/Sans-titre-2.jpg 995w, https:\/\/sucrederme.com\/wp-content\/uploads\/2024\/12\/Sans-titre-2-300x72.jpg 300w, https:\/\/sucrederme.com\/wp-content\/uploads\/2024\/12\/Sans-titre-2-768x185.jpg 768w, https:\/\/sucrederme.com\/wp-content\/uploads\/2024\/12\/Sans-titre-2-454x110.jpg 454w\" sizes=\"(max-width: 995px) 100vw, 995px\" \/><\/li>\n                <li style=\"display: none; width: 100%;\" class=\"slide-390 ms-image \" aria-roledescription=\"slide\" data-date=\"2024-12-09 21:41:52\"><img decoding=\"async\" width=\"995\" height=\"240\" src=\"https:\/\/sucrederme.com\/wp-content\/uploads\/2024\/12\/3.jpg\" class=\"slider-385 slide-390 msDefaultImage\" alt=\"\" rel=\"\" title=\"3\" srcset=\"https:\/\/sucrederme.com\/wp-content\/uploads\/2024\/12\/3.jpg 995w, https:\/\/sucrederme.com\/wp-content\/uploads\/2024\/12\/3-300x72.jpg 300w, https:\/\/sucrederme.com\/wp-content\/uploads\/2024\/12\/3-768x185.jpg 768w, https:\/\/sucrederme.com\/wp-content\/uploads\/2024\/12\/3-454x110.jpg 454w\" sizes=\"(max-width: 995px) 100vw, 995px\" \/><\/li>\n            <\/ul>\n        <\/div>\n        \n    <\/div>\n<\/div><\/div>\n\t\t\t\t\t\t<\/div>\n\t\t\t\t<\/div>\n\t\t\t\t<div class=\"elementor-element elementor-element-c87fo6o elementor-widget elementor-widget-heading\" data-id=\"c87fo6o\" data-element_type=\"widget\" data-widget_type=\"heading.default\">\n\t\t\t\t<div class=\"elementor-widget-container\">\n\t\t\t\t\t<h1 class=\"elementor-heading-title elementor-size-default\">PRESENTATION <\/h1>\t\t\t\t<\/div>\n\t\t\t\t<\/div>\n\t\t\t\t<div class=\"elementor-element elementor-element-5898f55 elementor-widget-divider--view-line elementor-widget elementor-widget-divider\" data-id=\"5898f55\" data-element_type=\"widget\" data-widget_type=\"divider.default\">\n\t\t\t\t<div class=\"elementor-widget-container\">\n\t\t\t\t\t\t\t<div class=\"elementor-divider\">\n\t\t\t<span class=\"elementor-divider-separator\">\n\t\t\t\t\t\t<\/span>\n\t\t<\/div>\n\t\t\t\t\t\t<\/div>\n\t\t\t\t<\/div>\n\t\t\t\t<div class=\"elementor-element elementor-element-97fb0da elementor-widget__width-initial elementor-widget elementor-widget-text-editor\" data-id=\"97fb0da\" data-element_type=\"widget\" data-widget_type=\"text-editor.default\">\n\t\t\t\t<div class=\"elementor-widget-container\">\n\t\t\t\t\t\t\t\t\tLe sucre \u00e0 \u00e9piler \u00e9tait utilis\u00e9 par la femme orientale depuis des mill\u00e9naires. Les femmes faisaient cuire \u00e0 la maison un m\u00e9lange d\u2019eau, de sucre et de jus de citron.\n\nLe caramel ainsi obtenu avait une \u00e9lasticit\u00e9 \u00e9tonnante qui adh\u00e9rait de mani\u00e8re parfaite \u00e0 la peau. Le sucre \u00e0 \u00e9piler permettait une \u00e9pilation et un gommage de la peau exceptionnels. Depuis toujours ce savoir faire est transmis de m\u00e8res en filles au Moyen-orient et en Afrique du nord. Aujourd\u2019hui encore l\u2019\u00e9pilation au sucre demeure la m\u00e9thode d\u2019\u00e9pilation la plus largement utilis\u00e9e pour des centaines de millions de femmes en Egypte, au Liban en Alg\u00e9rie en Tunisie etc.\u2026\n\nSUCREDERME et NEJMA sont identiques au sucre \u00e0 \u00e9piler fait \u00e0 la maison mais il ont \u00e9t\u00e9 adapt\u00e9s \u00e0 la femme moderne. Ils sont vendu en pots de 200 gr, 300 gr et 800 gr, pr\u00eats \u00e0 l\u2019emploi, stables 3 ans mais toujours \u00e0 base des m\u00eames produits naturels. Nous avons enrichi la recette traditionnelle en y ajoutant du miel. Le sucre \u00e0 \u00e9piler au miel adh\u00e8re mieux \u00e0 la peau et permet une \u00e9pilation plus douce. Nous proposons aussi du Sucrederme au miel et \u00e0 l\u2019essence de Rose , au N\u00e9roli et au Oud qui laissera la peau lisse, douce et parfum\u00e9e.\n<ul>\n \t<li><span style=\"font-family: Raleway; font-style: normal; font-variant-ligatures: normal; font-variant-caps: normal; font-weight: 400; font-size: 30px;\">Les produits <\/span>Nejma 200 gr<span style=\"font-family: Raleway; font-style: normal; font-variant-ligatures: normal; font-variant-caps: normal; font-weight: 400; font-size: 30px;\">\u00a0\u00a0sont en vente \u00e0 CARREFOUR HYPER<\/span><\/li>\n \t<li>Les produits Nejma 800gr<span style=\"font-size: 30px;\"> \u00e0 usage professionnel sont \u00e0 commander par mail:\u00a0<\/span><a style=\"font-size: 30px; background-color: #ffffff;\" href=\"mailto:contact@sucrederme.com\" target=\"_blank\" rel=\"nofollow noopener\"><strong>contact@sucrederme.com<\/strong><\/a><\/li>\n \t<li>Les produits Sucrederme 300 gr<span style=\"font-size: 30px;\"> sont en vente \u00e0 MONOPRIX<\/span><\/li>\n<\/ul>\t\t\t\t\t\t\t\t<\/div>\n\t\t\t\t<\/div>\n\t\t\t\t\t<\/div>\n\t\t<\/div>\n\t\t\t\t\t<\/div>\n\t\t<\/section>\n\t\t\t\t<\/div>\n\t\t","protected":false},"excerpt":{"rendered":"<p>NOS PRODUITS PRESENTATION Le sucre \u00e0 \u00e9piler \u00e9tait utilis\u00e9 par la femme orientale depuis des mill\u00e9naires. Les femmes faisaient cuire \u00e0 la maison un m\u00e9lange d\u2019eau, de sucre et de jus de citron. Le caramel ainsi obtenu avait une \u00e9lasticit\u00e9 \u00e9tonnante qui adh\u00e9rait de mani\u00e8re parfaite \u00e0 la peau. Le sucre \u00e0 \u00e9piler permettait une [&hellip;]<\/p>\n","protected":false},"author":1,"featured_media":0,"parent":0,"menu_order":0,"comment_status":"closed","ping_status":"closed","template":"","meta":{"ocean_post_layout":"full-screen","ocean_both_sidebars_style":"","ocean_both_sidebars_content_width":0,"ocean_both_sidebars_sidebars_width":0,"ocean_sidebar":"0","ocean_second_sidebar":"","ocean_disable_margins":"enable","ocean_add_body_class":"","ocean_shortcode_before_top_bar":"","ocean_shortcode_after_top_bar":"","ocean_shortcode_before_header":"","ocean_shortcode_after_header":"","ocean_has_shortcode":"","ocean_shortcode_after_title":"","ocean_shortcode_before_footer_widgets":"","ocean_shortcode_after_footer_widgets":"","ocean_shortcode_before_footer_bottom":"","ocean_shortcode_after_footer_bottom":"","ocean_display_top_bar":"default","ocean_display_header":"default","ocean_header_style":"","ocean_center_header_left_menu":"","ocean_custom_header_template":"","ocean_custom_logo":0,"ocean_custom_retina_logo":0,"ocean_custom_logo_max_width":0,"ocean_custom_logo_tablet_max_width":0,"ocean_custom_logo_mobile_max_width":0,"ocean_custom_logo_max_height":0,"ocean_custom_logo_tablet_max_height":0,"ocean_custom_logo_mobile_max_height":0,"ocean_header_custom_menu":"0","ocean_menu_typo_font_family":"","ocean_menu_typo_font_subset":"","ocean_menu_typo_font_size":0,"ocean_menu_typo_font_size_tablet":0,"ocean_menu_typo_font_size_mobile":0,"ocean_menu_typo_font_size_unit":"px","ocean_menu_typo_font_weight":"","ocean_menu_typo_font_weight_tablet":"","ocean_menu_typo_font_weight_mobile":"","ocean_menu_typo_transform":"","ocean_menu_typo_transform_tablet":"","ocean_menu_typo_transform_mobile":"","ocean_menu_typo_line_height":0,"ocean_menu_typo_line_height_tablet":0,"ocean_menu_typo_line_height_mobile":0,"ocean_menu_typo_line_height_unit":"","ocean_menu_typo_spacing":0,"ocean_menu_typo_spacing_tablet":0,"ocean_menu_typo_spacing_mobile":0,"ocean_menu_typo_spacing_unit":"","ocean_menu_link_color":"","ocean_menu_link_color_hover":"","ocean_menu_link_color_active":"","ocean_menu_link_background":"","ocean_menu_link_hover_background":"","ocean_menu_link_active_background":"","ocean_menu_social_links_bg":"","ocean_menu_social_hover_links_bg":"","ocean_menu_social_links_color":"","ocean_menu_social_hover_links_color":"","ocean_disable_title":"default","ocean_disable_heading":"default","ocean_post_title":"","ocean_post_subheading":"","ocean_post_title_style":"","ocean_post_title_background_color":"","ocean_post_title_background":0,"ocean_post_title_bg_image_position":"","ocean_post_title_bg_image_attachment":"","ocean_post_title_bg_image_repeat":"","ocean_post_title_bg_image_size":"","ocean_post_title_height":400,"ocean_post_title_bg_overlay":0.5,"ocean_post_title_bg_overlay_color":"","ocean_disable_breadcrumbs":"default","ocean_breadcrumbs_color":"","ocean_breadcrumbs_separator_color":"","ocean_breadcrumbs_links_color":"","ocean_breadcrumbs_links_hover_color":"","ocean_display_footer_widgets":"default","ocean_display_footer_bottom":"default","ocean_custom_footer_template":"","omw_enable_modal_window":"enable","footnotes":""},"class_list":["post-17","page","type-page","status-publish","hentry","entry","owp-thumbs-layout-horizontal","owp-btn-normal","owp-tabs-layout-horizontal","has-no-thumbnails","has-product-nav"],"_links":{"self":[{"href":"https:\/\/sucrederme.com\/index.php?rest_route=\/wp\/v2\/pages\/17","targetHints":{"allow":["GET"]}}],"collection":[{"href":"https:\/\/sucrederme.com\/index.php?rest_route=\/wp\/v2\/pages"}],"about":[{"href":"https:\/\/sucrederme.com\/index.php?rest_route=\/wp\/v2\/types\/page"}],"author":[{"embeddable":true,"href":"https:\/\/sucrederme.com\/index.php?rest_route=\/wp\/v2\/users\/1"}],"replies":[{"embeddable":true,"href":"https:\/\/sucrederme.com\/index.php?rest_route=%2Fwp%2Fv2%2Fcomments&post=17"}],"version-history":[{"count":48,"href":"https:\/\/sucrederme.com\/index.php?rest_route=\/wp\/v2\/pages\/17\/revisions"}],"predecessor-version":[{"id":465,"href":"https:\/\/sucrederme.com\/index.php?rest_route=\/wp\/v2\/pages\/17\/revisions\/465"}],"wp:attachment":[{"href":"https:\/\/sucrederme.com\/index.php?rest_route=%2Fwp%2Fv2%2Fmedia&parent=17"}],"curies":[{"name":"wp","href":"https:\/\/api.w.org\/{rel}","templated":true}]}}