{"id":80,"date":"2010-08-22T21:53:54","date_gmt":"2010-08-22T19:53:54","guid":{"rendered":"https:\/\/oceanwp.org\/simple\/product\/electric-leather-watch\/"},"modified":"2024-12-05T22:24:59","modified_gmt":"2024-12-05T21:24:59","slug":"vigo-washed-flannel-blazer","status":"publish","type":"product","link":"https:\/\/sucrederme.com\/?product=vigo-washed-flannel-blazer","title":{"rendered":"Nejma 200gr"},"content":{"rendered":"<p>Pack de 4 pots de Nejma simple 200 gr au prix de 18 euros. Le sucre \u00e0 \u00e9piler Nejma est un produit 100% \u00e9cologique, \u00e0 base de produits naturels. Il est efficace et enl\u00e8ve les poils m\u00eame les plus fins. Il permet un gommage de la peau et laisse la peau lisse et douce pendant 3 a 5 semaines. Il est adapte a tous les types de peau m\u00eame les plus fragiles. Il est pratique, ne n\u00e9cessite ni spatules, ni bandes. Il est soluble dans l\u2019eau, s\u2019\u00e9limine par un simple rin\u00e7age et ne bouche pas les canalisations. Il est \u00e9conomique, un pot de 200 gr permet en moyenne trois \u00e9pilations compl\u00e8tes. Livraison disponible dans toute l&#8217;Europe. INGREDIENTS : sucre, acide citrique, eau<\/p>\n","protected":false},"excerpt":{"rendered":"<p>Pack de 4 pots de Nejma simple 200 gr au prix de 18 euros. Le sucre \u00e0 \u00e9piler Nejma est un produit 100% \u00e9cologique, \u00e0 base de produits naturels. Il est efficace et enl\u00e8ve les poils m\u00eame les plus fins. Il permet un gommage de la peau et laisse la peau lisse et douce pendant 3 a 5 semaines. Il est adapte a tous les types de peau m\u00eame les plus fragiles. Il est pratique, ne n\u00e9cessite ni spatules, ni bandes. Il est soluble dans l\u2019eau, s\u2019\u00e9limine par un simple rin\u00e7age et ne bouche pas les canalisations. Il est \u00e9conomique, un pot de 200 gr permet en moyenne trois \u00e9pilations compl\u00e8tes. Livraison disponible dans toute l&#8217;Europe. INGREDIENTS : sucre, acide citrique, eau<\/p>\n","protected":false},"featured_media":380,"comment_status":"open","ping_status":"closed","template":"","meta":{"ocean_post_layout":"","ocean_both_sidebars_style":"","ocean_both_sidebars_content_width":0,"ocean_both_sidebars_sidebars_width":0,"ocean_sidebar":"0","ocean_second_sidebar":"0","ocean_disable_margins":"enable","ocean_add_body_class":"","ocean_shortcode_before_top_bar":"","ocean_shortcode_after_top_bar":"","ocean_shortcode_before_header":"","ocean_shortcode_after_header":"","ocean_has_shortcode":"","ocean_shortcode_after_title":"","ocean_shortcode_before_footer_widgets":"","ocean_shortcode_after_footer_widgets":"","ocean_shortcode_before_footer_bottom":"","ocean_shortcode_after_footer_bottom":"","ocean_display_top_bar":"default","ocean_display_header":"default","ocean_header_style":"","ocean_center_header_left_menu":"0","ocean_custom_header_template":"0","ocean_custom_logo":0,"ocean_custom_retina_logo":0,"ocean_custom_logo_max_width":0,"ocean_custom_logo_tablet_max_width":0,"ocean_custom_logo_mobile_max_width":0,"ocean_custom_logo_max_height":0,"ocean_custom_logo_tablet_max_height":0,"ocean_custom_logo_mobile_max_height":0,"ocean_header_custom_menu":"0","ocean_menu_typo_font_family":"0","ocean_menu_typo_font_subset":"","ocean_menu_typo_font_size":0,"ocean_menu_typo_font_size_tablet":0,"ocean_menu_typo_font_size_mobile":0,"ocean_menu_typo_font_size_unit":"px","ocean_menu_typo_font_weight":"","ocean_menu_typo_font_weight_tablet":"","ocean_menu_typo_font_weight_mobile":"","ocean_menu_typo_transform":"","ocean_menu_typo_transform_tablet":"","ocean_menu_typo_transform_mobile":"","ocean_menu_typo_line_height":0,"ocean_menu_typo_line_height_tablet":0,"ocean_menu_typo_line_height_mobile":0,"ocean_menu_typo_line_height_unit":"","ocean_menu_typo_spacing":0,"ocean_menu_typo_spacing_tablet":0,"ocean_menu_typo_spacing_mobile":0,"ocean_menu_typo_spacing_unit":"","ocean_menu_link_color":"","ocean_menu_link_color_hover":"","ocean_menu_link_color_active":"","ocean_menu_link_background":"","ocean_menu_link_hover_background":"","ocean_menu_link_active_background":"","ocean_menu_social_links_bg":"","ocean_menu_social_hover_links_bg":"","ocean_menu_social_links_color":"","ocean_menu_social_hover_links_color":"","ocean_disable_title":"default","ocean_disable_heading":"default","ocean_post_title":"","ocean_post_subheading":"","ocean_post_title_style":"","ocean_post_title_background_color":"","ocean_post_title_background":0,"ocean_post_title_bg_image_position":"","ocean_post_title_bg_image_attachment":"","ocean_post_title_bg_image_repeat":"","ocean_post_title_bg_image_size":"","ocean_post_title_height":400,"ocean_post_title_bg_overlay":0.5,"ocean_post_title_bg_overlay_color":"","ocean_disable_breadcrumbs":"default","ocean_breadcrumbs_color":"","ocean_breadcrumbs_separator_color":"","ocean_breadcrumbs_links_color":"","ocean_breadcrumbs_links_hover_color":"","ocean_display_footer_widgets":"default","ocean_display_footer_bottom":"default","ocean_custom_footer_template":"0","omw_enable_modal_window":"enable"},"product_brand":[],"product_cat":[27],"product_tag":[30],"class_list":{"0":"post-80","1":"product","2":"type-product","3":"status-publish","4":"has-post-thumbnail","6":"product_cat-sucrederme","7":"product_tag-sucrederme","9":"entry","10":"has-media","12":"first","13":"onbackorder","14":"shipping-taxable","15":"purchasable","16":"product-type-simple","17":"has-product-nav","18":"col","19":"span_1_of_3","20":"owp-content-center","21":"owp-thumbs-layout-horizontal","22":"owp-btn-normal","23":"owp-tabs-layout-horizontal","24":"has-no-thumbnails"},"_links":{"self":[{"href":"https:\/\/sucrederme.com\/index.php?rest_route=\/wp\/v2\/product\/80","targetHints":{"allow":["GET"]}}],"collection":[{"href":"https:\/\/sucrederme.com\/index.php?rest_route=\/wp\/v2\/product"}],"about":[{"href":"https:\/\/sucrederme.com\/index.php?rest_route=\/wp\/v2\/types\/product"}],"replies":[{"embeddable":true,"href":"https:\/\/sucrederme.com\/index.php?rest_route=%2Fwp%2Fv2%2Fcomments&post=80"}],"wp:featuredmedia":[{"embeddable":true,"href":"https:\/\/sucrederme.com\/index.php?rest_route=\/wp\/v2\/media\/380"}],"wp:attachment":[{"href":"https:\/\/sucrederme.com\/index.php?rest_route=%2Fwp%2Fv2%2Fmedia&parent=80"}],"wp:term":[{"taxonomy":"product_brand","embeddable":true,"href":"https:\/\/sucrederme.com\/index.php?rest_route=%2Fwp%2Fv2%2Fproduct_brand&post=80"},{"taxonomy":"product_cat","embeddable":true,"href":"https:\/\/sucrederme.com\/index.php?rest_route=%2Fwp%2Fv2%2Fproduct_cat&post=80"},{"taxonomy":"product_tag","embeddable":true,"href":"https:\/\/sucrederme.com\/index.php?rest_route=%2Fwp%2Fv2%2Fproduct_tag&post=80"}],"curies":[{"name":"wp","href":"https:\/\/api.w.org\/{rel}","templated":true}]}}